{"id":6890,"date":"2025-07-28T12:45:06","date_gmt":"2025-07-28T17:45:06","guid":{"rendered":"https:\/\/www.csb3.ca\/services\/reservation-de-stationnement"},"modified":"2026-03-26T14:04:36","modified_gmt":"2026-03-26T19:04:36","slug":"parking-reservation","status":"publish","type":"page","link":"https:\/\/www.csb3.ca\/en\/services\/parking-reservation","title":{"rendered":"Parking reservation"},"content":{"rendered":"\n<p class=\"act-introduction\">Park your aircraft safely at Gilles-Beaudet Airport. Spaces available for temporary or long-term parking. Contact us for details.<\/p>\n\n\n\n<h2 class=\"wp-block-heading\"><strong>Parking available upon reservation<\/strong><\/h2>\n\n\n\n<p>Daily &#8211; $15 including taxes<br>Monthly &#8211; $115 including taxes<br>Annual &#8211; $850 including taxes<\/p>\n\n\n\n\n<!-- Calendly inline widget begin -->\n<div class=\"calendly-inline-widget\" data-url=\"https:\/\/calendly.com\/s-demontigny-stmathieudebeloeil\/prendre-un-rendez-vous\" style=\"min-width:320px;height:700px;\"><\/div>\n<script type=\"text\/javascript\" src=\"https:\/\/assets.calendly.com\/assets\/external\/widget.js\" async><\/script>\n<!-- Calendly inline widget end -->\n\n","protected":false},"excerpt":{"rendered":"<p>Stationnez votre a\u00e9ronef en toute s\u00e9curit\u00e9 \u00e0 l\u2019A\u00e9roport Gilles-Beaudet. Aires disponibles pour stationnement temporaire ou \u00e0 long terme. Contactez-nous pour les modalit\u00e9s.<\/p>\n","protected":false},"author":11,"featured_media":6821,"parent":6883,"menu_order":1,"comment_status":"closed","ping_status":"closed","template":"templates\/gutenbricks-dynamic-template-4210.php","meta":{"_acf_changed":false,"footnotes":""},"hf_cat_page":[],"class_list":["post-6890","page","type-page","status-publish","has-post-thumbnail","hentry","smart-spacing","content-grid"],"acf":[],"publishpress_future_action":{"enabled":false,"date":"2026-05-24 01:28:29","action":"change-status","newStatus":"draft","terms":[],"taxonomy":"translation_priority","extraData":[]},"publishpress_future_workflow_manual_trigger":{"enabledWorkflows":[]},"_links":{"self":[{"href":"https:\/\/www.csb3.ca\/en\/wp-json\/wp\/v2\/pages\/6890","targetHints":{"allow":["GET"]}}],"collection":[{"href":"https:\/\/www.csb3.ca\/en\/wp-json\/wp\/v2\/pages"}],"about":[{"href":"https:\/\/www.csb3.ca\/en\/wp-json\/wp\/v2\/types\/page"}],"author":[{"embeddable":true,"href":"https:\/\/www.csb3.ca\/en\/wp-json\/wp\/v2\/users\/11"}],"replies":[{"embeddable":true,"href":"https:\/\/www.csb3.ca\/en\/wp-json\/wp\/v2\/comments?post=6890"}],"version-history":[{"count":0,"href":"https:\/\/www.csb3.ca\/en\/wp-json\/wp\/v2\/pages\/6890\/revisions"}],"up":[{"embeddable":true,"href":"https:\/\/www.csb3.ca\/en\/wp-json\/wp\/v2\/pages\/6883"}],"wp:featuredmedia":[{"embeddable":true,"href":"https:\/\/www.csb3.ca\/en\/wp-json\/wp\/v2\/media\/6821"}],"wp:attachment":[{"href":"https:\/\/www.csb3.ca\/en\/wp-json\/wp\/v2\/media?parent=6890"}],"wp:term":[{"taxonomy":"hf_cat_page","embeddable":true,"href":"https:\/\/www.csb3.ca\/en\/wp-json\/wp\/v2\/hf_cat_page?post=6890"}],"curies":[{"name":"wp","href":"https:\/\/api.w.org\/{rel}","templated":true}]}}